{"id":13,"date":"2025-05-20T14:18:11","date_gmt":"2025-05-20T12:18:11","guid":{"rendered":"http:\/\/studioforgeparis.com\/?page_id=13"},"modified":"2025-06-02T19:50:10","modified_gmt":"2025-06-02T17:50:10","slug":"accueil","status":"publish","type":"page","link":"https:\/\/studioforgeparis.com\/","title":{"rendered":"Accueil"},"content":{"rendered":"\t\t<div data-elementor-type=\"wp-page\" data-elementor-id=\"13\" class=\"elementor elementor-13\" data-elementor-post-type=\"page\">\n\t\t\t\t<div class=\"elementor-element elementor-element-3eff6fe e-con-full elementor-hidden-tablet elementor-hidden-mobile e-flex e-con e-parent\" data-id=\"3eff6fe\" data-element_type=\"container\" data-settings=\"{&quot;background_background&quot;:&quot;classic&quot;}\">\n\t\t<div class=\"elementor-element elementor-element-2f117b3 e-con-full e-flex e-con e-child\" data-id=\"2f117b3\" data-element_type=\"container\">\n\t\t<div class=\"elementor-element elementor-element-b0bd46d e-con-full e-flex e-con e-child\" data-id=\"b0bd46d\" data-element_type=\"container\">\n\t\t\t\t<div class=\"elementor-element elementor-element-58ce8e6 elementor-widget elementor-widget-image\" data-id=\"58ce8e6\" data-element_type=\"widget\" data-widget_type=\"image.default\">\n\t\t\t\t\t\t\t\t\t\t\t\t\t\t\t<img decoding=\"async\" width=\"88\" height=\"189\" src=\"https:\/\/studioforgeparis.com\/wp-content\/uploads\/2025\/05\/Logo-Studio-Forge-Paris.svg\" class=\"attachment-large size-large wp-image-12\" alt=\"\" \/>\t\t\t\t\t\t\t\t\t\t\t\t\t\t\t<\/div>\n\t\t\t\t<div class=\"elementor-element elementor-element-ff00177 elementor-widget elementor-widget-heading\" data-id=\"ff00177\" data-element_type=\"widget\" data-widget_type=\"heading.default\">\n\t\t\t\t\t<h1 class=\"elementor-heading-title elementor-size-default\">STUDIO<br>\n<span style=\"font-size:58px;\">FORG\u00c9<\/span><\/h1>\t\t\t\t<\/div>\n\t\t\t\t<div class=\"elementor-element elementor-element-d28ca70 elementor-widget elementor-widget-heading\" data-id=\"d28ca70\" data-element_type=\"widget\" data-widget_type=\"heading.default\">\n\t\t\t\t\t<h2 class=\"elementor-heading-title elementor-size-default\">PARIS<\/h2>\t\t\t\t<\/div>\n\t\t\t\t<div class=\"elementor-element elementor-element-08ce72b elementor-widget elementor-widget-heading\" data-id=\"08ce72b\" data-element_type=\"widget\" data-widget_type=\"heading.default\">\n\t\t\t\t\t<h3 class=\"elementor-heading-title elementor-size-default\">coming soon<\/h3>\t\t\t\t<\/div>\n\t\t<div class=\"elementor-element elementor-element-4934e04 e-con-full e-flex e-con e-child\" data-id=\"4934e04\" data-element_type=\"container\">\n\t\t\t\t<div class=\"elementor-element elementor-element-4218bc7 elementor-view-default elementor-widget elementor-widget-icon\" data-id=\"4218bc7\" data-element_type=\"widget\" data-widget_type=\"icon.default\">\n\t\t\t\t\t\t\t<div class=\"elementor-icon-wrapper\">\n\t\t\t<a class=\"elementor-icon\" href=\"https:\/\/www.instagram.com\/studioforgeparis\/\" target=\"_blank\">\n\t\t\t<svg aria-hidden=\"true\" class=\"e-font-icon-svg e-fab-instagram\" viewBox=\"0 0 448 512\" xmlns=\"http:\/\/www.w3.org\/2000\/svg\"><path d=\"M224.1 141c-63.6 0-114.9 51.3-114.9 114.9s51.3 114.9 114.9 114.9S339 319.5 339 255.9 287.7 141 224.1 141zm0 189.6c-41.1 0-74.7-33.5-74.7-74.7s33.5-74.7 74.7-74.7 74.7 33.5 74.7 74.7-33.6 74.7-74.7 74.7zm146.4-194.3c0 14.9-12 26.8-26.8 26.8-14.9 0-26.8-12-26.8-26.8s12-26.8 26.8-26.8 26.8 12 26.8 26.8zm76.1 27.2c-1.7-35.9-9.9-67.7-36.2-93.9-26.2-26.2-58-34.4-93.9-36.2-37-2.1-147.9-2.1-184.9 0-35.8 1.7-67.6 9.9-93.9 36.1s-34.4 58-36.2 93.9c-2.1 37-2.1 147.9 0 184.9 1.7 35.9 9.9 67.7 36.2 93.9s58 34.4 93.9 36.2c37 2.1 147.9 2.1 184.9 0 35.9-1.7 67.7-9.9 93.9-36.2 26.2-26.2 34.4-58 36.2-93.9 2.1-37 2.1-147.8 0-184.8zM398.8 388c-7.8 19.6-22.9 34.7-42.6 42.6-29.5 11.7-99.5 9-132.1 9s-102.7 2.6-132.1-9c-19.6-7.8-34.7-22.9-42.6-42.6-11.7-29.5-9-99.5-9-132.1s-2.6-102.7 9-132.1c7.8-19.6 22.9-34.7 42.6-42.6 29.5-11.7 99.5-9 132.1-9s102.7-2.6 132.1 9c19.6 7.8 34.7 22.9 42.6 42.6 11.7 29.5 9 99.5 9 132.1s2.7 102.7-9 132.1z\"><\/path><\/svg>\t\t\t<\/a>\n\t\t<\/div>\n\t\t\t\t\t\t<\/div>\n\t\t\t\t<div class=\"elementor-element elementor-element-7c2a602 elementor-view-default elementor-widget elementor-widget-icon\" data-id=\"7c2a602\" data-element_type=\"widget\" data-widget_type=\"icon.default\">\n\t\t\t\t\t\t\t<div class=\"elementor-icon-wrapper\">\n\t\t\t<a class=\"elementor-icon\" href=\"https:\/\/www.linkedin.com\/company\/studio-forge-paris\/\" target=\"_blank\">\n\t\t\t<svg aria-hidden=\"true\" class=\"e-font-icon-svg e-fab-linkedin-in\" viewBox=\"0 0 448 512\" xmlns=\"http:\/\/www.w3.org\/2000\/svg\"><path d=\"M100.28 448H7.4V148.9h92.88zM53.79 108.1C24.09 108.1 0 83.5 0 53.8a53.79 53.79 0 0 1 107.58 0c0 29.7-24.1 54.3-53.79 54.3zM447.9 448h-92.68V302.4c0-34.7-.7-79.2-48.29-79.2-48.29 0-55.69 37.7-55.69 76.7V448h-92.78V148.9h89.08v40.8h1.3c12.4-23.5 42.69-48.3 87.88-48.3 94 0 111.28 61.9 111.28 142.3V448z\"><\/path><\/svg>\t\t\t<\/a>\n\t\t<\/div>\n\t\t\t\t\t\t<\/div>\n\t\t\t\t<\/div>\n\t\t\t\t<\/div>\n\t\t\t\t<\/div>\n\t\t<a class=\"elementor-element elementor-element-985fa25 e-flex e-con-boxed e-con e-child\" data-id=\"985fa25\" data-element_type=\"container\" href=\"http:\/\/www.somethingintheweb.com\" target=\"_blank\">\n\t\t\t\t\t<div class=\"e-con-inner\">\n\t\t\t\t<div class=\"elementor-element elementor-element-e975f42 elementor-widget elementor-widget-text-editor\" data-id=\"e975f42\" data-element_type=\"widget\" data-widget_type=\"text-editor.default\">\n\t\t\t\t\t\t\t\t\t2026 D\u00e9velopp\u00e9 par  SOMETHING IN THE WEB\t\t\t\t\t\t\t\t<\/div>\n\t\t\t\t\t<\/div>\n\t\t\t\t<\/a>\n\t\t\t\t<\/div>\n\t\t<div class=\"elementor-element elementor-element-f03b88e e-con-full elementor-hidden-desktop e-flex e-con e-parent\" data-id=\"f03b88e\" data-element_type=\"container\" data-settings=\"{&quot;background_background&quot;:&quot;classic&quot;}\">\n\t\t<div class=\"elementor-element elementor-element-0d7ed05 e-con-full e-flex e-con e-child\" data-id=\"0d7ed05\" data-element_type=\"container\">\n\t\t\t\t<div class=\"elementor-element elementor-element-e3ddf2d elementor-widget elementor-widget-image\" data-id=\"e3ddf2d\" data-element_type=\"widget\" data-widget_type=\"image.default\">\n\t\t\t\t\t\t\t\t\t\t\t\t\t\t\t<img decoding=\"async\" width=\"88\" height=\"189\" src=\"https:\/\/studioforgeparis.com\/wp-content\/uploads\/2025\/05\/Logo-Studio-Forge-Paris.svg\" class=\"attachment-large size-large wp-image-12\" alt=\"\" \/>\t\t\t\t\t\t\t\t\t\t\t\t\t\t\t<\/div>\n\t\t\t\t<div class=\"elementor-element elementor-element-22c3a30 elementor-widget elementor-widget-heading\" data-id=\"22c3a30\" data-element_type=\"widget\" data-widget_type=\"heading.default\">\n\t\t\t\t\t<h1 class=\"elementor-heading-title elementor-size-default\">STUDIO<br>\n<span style=\"font-size:48px;\">FORG\u00c9<\/span><\/h1>\t\t\t\t<\/div>\n\t\t\t\t<div class=\"elementor-element elementor-element-cc67720 elementor-widget elementor-widget-heading\" data-id=\"cc67720\" data-element_type=\"widget\" data-widget_type=\"heading.default\">\n\t\t\t\t\t<h2 class=\"elementor-heading-title elementor-size-default\">PARIS<\/h2>\t\t\t\t<\/div>\n\t\t\t\t<div class=\"elementor-element elementor-element-7e31692 elementor-widget elementor-widget-heading\" data-id=\"7e31692\" data-element_type=\"widget\" data-widget_type=\"heading.default\">\n\t\t\t\t\t<h3 class=\"elementor-heading-title elementor-size-default\">coming soon<\/h3>\t\t\t\t<\/div>\n\t\t<div class=\"elementor-element elementor-element-a52009d e-con-full e-flex e-con e-child\" data-id=\"a52009d\" data-element_type=\"container\">\n\t\t\t\t<div class=\"elementor-element elementor-element-58e99c8 elementor-view-default elementor-widget elementor-widget-icon\" data-id=\"58e99c8\" data-element_type=\"widget\" data-widget_type=\"icon.default\">\n\t\t\t\t\t\t\t<div class=\"elementor-icon-wrapper\">\n\t\t\t<a class=\"elementor-icon\" href=\"https:\/\/www.instagram.com\/studioforgeparis\/\" target=\"_blank\">\n\t\t\t<svg aria-hidden=\"true\" class=\"e-font-icon-svg e-fab-instagram\" viewBox=\"0 0 448 512\" xmlns=\"http:\/\/www.w3.org\/2000\/svg\"><path d=\"M224.1 141c-63.6 0-114.9 51.3-114.9 114.9s51.3 114.9 114.9 114.9S339 319.5 339 255.9 287.7 141 224.1 141zm0 189.6c-41.1 0-74.7-33.5-74.7-74.7s33.5-74.7 74.7-74.7 74.7 33.5 74.7 74.7-33.6 74.7-74.7 74.7zm146.4-194.3c0 14.9-12 26.8-26.8 26.8-14.9 0-26.8-12-26.8-26.8s12-26.8 26.8-26.8 26.8 12 26.8 26.8zm76.1 27.2c-1.7-35.9-9.9-67.7-36.2-93.9-26.2-26.2-58-34.4-93.9-36.2-37-2.1-147.9-2.1-184.9 0-35.8 1.7-67.6 9.9-93.9 36.1s-34.4 58-36.2 93.9c-2.1 37-2.1 147.9 0 184.9 1.7 35.9 9.9 67.7 36.2 93.9s58 34.4 93.9 36.2c37 2.1 147.9 2.1 184.9 0 35.9-1.7 67.7-9.9 93.9-36.2 26.2-26.2 34.4-58 36.2-93.9 2.1-37 2.1-147.8 0-184.8zM398.8 388c-7.8 19.6-22.9 34.7-42.6 42.6-29.5 11.7-99.5 9-132.1 9s-102.7 2.6-132.1-9c-19.6-7.8-34.7-22.9-42.6-42.6-11.7-29.5-9-99.5-9-132.1s-2.6-102.7 9-132.1c7.8-19.6 22.9-34.7 42.6-42.6 29.5-11.7 99.5-9 132.1-9s102.7-2.6 132.1 9c19.6 7.8 34.7 22.9 42.6 42.6 11.7 29.5 9 99.5 9 132.1s2.7 102.7-9 132.1z\"><\/path><\/svg>\t\t\t<\/a>\n\t\t<\/div>\n\t\t\t\t\t\t<\/div>\n\t\t\t\t<div class=\"elementor-element elementor-element-d9ad45b elementor-view-default elementor-widget elementor-widget-icon\" data-id=\"d9ad45b\" data-element_type=\"widget\" data-widget_type=\"icon.default\">\n\t\t\t\t\t\t\t<div class=\"elementor-icon-wrapper\">\n\t\t\t<a class=\"elementor-icon\" href=\"https:\/\/www.linkedin.com\/company\/studio-forge-paris\/\" target=\"_blank\">\n\t\t\t<svg aria-hidden=\"true\" class=\"e-font-icon-svg e-fab-linkedin-in\" viewBox=\"0 0 448 512\" xmlns=\"http:\/\/www.w3.org\/2000\/svg\"><path d=\"M100.28 448H7.4V148.9h92.88zM53.79 108.1C24.09 108.1 0 83.5 0 53.8a53.79 53.79 0 0 1 107.58 0c0 29.7-24.1 54.3-53.79 54.3zM447.9 448h-92.68V302.4c0-34.7-.7-79.2-48.29-79.2-48.29 0-55.69 37.7-55.69 76.7V448h-92.78V148.9h89.08v40.8h1.3c12.4-23.5 42.69-48.3 87.88-48.3 94 0 111.28 61.9 111.28 142.3V448z\"><\/path><\/svg>\t\t\t<\/a>\n\t\t<\/div>\n\t\t\t\t\t\t<\/div>\n\t\t\t\t<\/div>\n\t\t\t\t<\/div>\n\t\t<a class=\"elementor-element elementor-element-d3f8ced e-flex e-con-boxed e-con e-child\" data-id=\"d3f8ced\" data-element_type=\"container\" href=\"http:\/\/www.somethingintheweb.com\" target=\"_blank\">\n\t\t\t\t\t<div class=\"e-con-inner\">\n\t\t\t\t<div class=\"elementor-element elementor-element-4454b79 elementor-widget elementor-widget-text-editor\" data-id=\"4454b79\" data-element_type=\"widget\" data-widget_type=\"text-editor.default\">\n\t\t\t\t\t\t\t\t\t2026 D\u00e9velopp\u00e9 par  SOMETHING IN THE WEB\t\t\t\t\t\t\t\t<\/div>\n\t\t\t\t\t<\/div>\n\t\t\t\t<\/a>\n\t\t\t\t<\/div>\n\t\t\t\t<\/div>\n\t\t","protected":false},"excerpt":{"rendered":"<p>STUDIO FORG\u00c9 PARIS coming soon STUDIO FORG\u00c9 PARIS coming soon<\/p>\n","protected":false},"author":1,"featured_media":11,"parent":0,"menu_order":0,"comment_status":"closed","ping_status":"closed","template":"","meta":{"footnotes":""},"class_list":["post-13","page","type-page","status-publish","has-post-thumbnail","hentry"],"yoast_head":"<!-- This site is optimized with the Yoast SEO plugin v25.1 - https:\/\/yoast.com\/wordpress\/plugins\/seo\/ -->\n<title>Accueil - Studio Forg\u00e9 Paris<\/title>\n<meta name=\"robots\" content=\"index, follow, max-snippet:-1, max-image-preview:large, max-video-preview:-1\" \/>\n<link rel=\"canonical\" href=\"https:\/\/studioforgeparis.com\/\" \/>\n<meta property=\"og:locale\" content=\"fr_FR\" \/>\n<meta property=\"og:type\" content=\"article\" \/>\n<meta property=\"og:title\" content=\"Accueil - Studio Forg\u00e9 Paris\" \/>\n<meta property=\"og:description\" content=\"STUDIO FORG\u00c9 PARIS coming soon STUDIO FORG\u00c9 PARIS coming soon\" \/>\n<meta property=\"og:url\" content=\"https:\/\/studioforgeparis.com\/\" \/>\n<meta property=\"og:site_name\" content=\"Studio Forg\u00e9 Paris\" \/>\n<meta property=\"article:modified_time\" content=\"2025-06-02T17:50:10+00:00\" \/>\n<meta property=\"og:image\" content=\"https:\/\/studioforgeparis.com\/wp-content\/uploads\/2025\/05\/Studio-Forge-Paris-desktop-scaled.jpg\" \/>\n\t<meta property=\"og:image:width\" content=\"2560\" \/>\n\t<meta property=\"og:image:height\" content=\"1600\" \/>\n\t<meta property=\"og:image:type\" content=\"image\/jpeg\" \/>\n<meta name=\"twitter:card\" content=\"summary_large_image\" \/>\n<meta name=\"twitter:label1\" content=\"Dur\u00e9e de lecture estim\u00e9e\" \/>\n\t<meta name=\"twitter:data1\" content=\"1 minute\" \/>\n<script type=\"application\/ld+json\" class=\"yoast-schema-graph\">{\"@context\":\"https:\/\/schema.org\",\"@graph\":[{\"@type\":\"WebPage\",\"@id\":\"https:\/\/studioforgeparis.com\/\",\"url\":\"https:\/\/studioforgeparis.com\/\",\"name\":\"Accueil - Studio Forg\u00e9 Paris\",\"isPartOf\":{\"@id\":\"https:\/\/studioforgeparis.com\/#website\"},\"primaryImageOfPage\":{\"@id\":\"https:\/\/studioforgeparis.com\/#primaryimage\"},\"image\":{\"@id\":\"https:\/\/studioforgeparis.com\/#primaryimage\"},\"thumbnailUrl\":\"https:\/\/studioforgeparis.com\/wp-content\/uploads\/2025\/05\/Studio-Forge-Paris-desktop-scaled.jpg\",\"datePublished\":\"2025-05-20T12:18:11+00:00\",\"dateModified\":\"2025-06-02T17:50:10+00:00\",\"breadcrumb\":{\"@id\":\"https:\/\/studioforgeparis.com\/#breadcrumb\"},\"inLanguage\":\"fr-FR\",\"potentialAction\":[{\"@type\":\"ReadAction\",\"target\":[\"https:\/\/studioforgeparis.com\/\"]}]},{\"@type\":\"ImageObject\",\"inLanguage\":\"fr-FR\",\"@id\":\"https:\/\/studioforgeparis.com\/#primaryimage\",\"url\":\"https:\/\/studioforgeparis.com\/wp-content\/uploads\/2025\/05\/Studio-Forge-Paris-desktop-scaled.jpg\",\"contentUrl\":\"https:\/\/studioforgeparis.com\/wp-content\/uploads\/2025\/05\/Studio-Forge-Paris-desktop-scaled.jpg\",\"width\":2560,\"height\":1600},{\"@type\":\"BreadcrumbList\",\"@id\":\"https:\/\/studioforgeparis.com\/#breadcrumb\",\"itemListElement\":[{\"@type\":\"ListItem\",\"position\":1,\"name\":\"Accueil\",\"item\":\"https:\/\/studioforgeparis.com\/\"},{\"@type\":\"ListItem\",\"position\":2,\"name\":\"Accueil\"}]},{\"@type\":\"WebSite\",\"@id\":\"https:\/\/studioforgeparis.com\/#website\",\"url\":\"https:\/\/studioforgeparis.com\/\",\"name\":\"Studio Forg\u00e9 Paris\",\"description\":\"Coming soon\",\"publisher\":{\"@id\":\"https:\/\/studioforgeparis.com\/#organization\"},\"potentialAction\":[{\"@type\":\"SearchAction\",\"target\":{\"@type\":\"EntryPoint\",\"urlTemplate\":\"https:\/\/studioforgeparis.com\/?s={search_term_string}\"},\"query-input\":{\"@type\":\"PropertyValueSpecification\",\"valueRequired\":true,\"valueName\":\"search_term_string\"}}],\"inLanguage\":\"fr-FR\"},{\"@type\":\"Organization\",\"@id\":\"https:\/\/studioforgeparis.com\/#organization\",\"name\":\"Studio Forg\u00e9 Paris\",\"url\":\"https:\/\/studioforgeparis.com\/\",\"logo\":{\"@type\":\"ImageObject\",\"inLanguage\":\"fr-FR\",\"@id\":\"https:\/\/studioforgeparis.com\/#\/schema\/logo\/image\/\",\"url\":\"http:\/\/studioforgeparis.com\/wp-content\/uploads\/2025\/05\/Logo-Studio-Forge-Paris.svg\",\"contentUrl\":\"http:\/\/studioforgeparis.com\/wp-content\/uploads\/2025\/05\/Logo-Studio-Forge-Paris.svg\",\"width\":88,\"height\":189,\"caption\":\"Studio Forg\u00e9 Paris\"},\"image\":{\"@id\":\"https:\/\/studioforgeparis.com\/#\/schema\/logo\/image\/\"},\"sameAs\":[\"https:\/\/www.instagram.com\/studioforgeparis\/\",\"https:\/\/www.linkedin.com\/company\/studio-forge-paris\/\"]}]}<\/script>\n<!-- \/ Yoast SEO plugin. -->","yoast_head_json":{"title":"Accueil - Studio Forg\u00e9 Paris","robots":{"index":"index","follow":"follow","max-snippet":"max-snippet:-1","max-image-preview":"max-image-preview:large","max-video-preview":"max-video-preview:-1"},"canonical":"https:\/\/studioforgeparis.com\/","og_locale":"fr_FR","og_type":"article","og_title":"Accueil - Studio Forg\u00e9 Paris","og_description":"STUDIO FORG\u00c9 PARIS coming soon STUDIO FORG\u00c9 PARIS coming soon","og_url":"https:\/\/studioforgeparis.com\/","og_site_name":"Studio Forg\u00e9 Paris","article_modified_time":"2025-06-02T17:50:10+00:00","og_image":[{"width":2560,"height":1600,"url":"https:\/\/studioforgeparis.com\/wp-content\/uploads\/2025\/05\/Studio-Forge-Paris-desktop-scaled.jpg","type":"image\/jpeg"}],"twitter_card":"summary_large_image","twitter_misc":{"Dur\u00e9e de lecture estim\u00e9e":"1 minute"},"schema":{"@context":"https:\/\/schema.org","@graph":[{"@type":"WebPage","@id":"https:\/\/studioforgeparis.com\/","url":"https:\/\/studioforgeparis.com\/","name":"Accueil - Studio Forg\u00e9 Paris","isPartOf":{"@id":"https:\/\/studioforgeparis.com\/#website"},"primaryImageOfPage":{"@id":"https:\/\/studioforgeparis.com\/#primaryimage"},"image":{"@id":"https:\/\/studioforgeparis.com\/#primaryimage"},"thumbnailUrl":"https:\/\/studioforgeparis.com\/wp-content\/uploads\/2025\/05\/Studio-Forge-Paris-desktop-scaled.jpg","datePublished":"2025-05-20T12:18:11+00:00","dateModified":"2025-06-02T17:50:10+00:00","breadcrumb":{"@id":"https:\/\/studioforgeparis.com\/#breadcrumb"},"inLanguage":"fr-FR","potentialAction":[{"@type":"ReadAction","target":["https:\/\/studioforgeparis.com\/"]}]},{"@type":"ImageObject","inLanguage":"fr-FR","@id":"https:\/\/studioforgeparis.com\/#primaryimage","url":"https:\/\/studioforgeparis.com\/wp-content\/uploads\/2025\/05\/Studio-Forge-Paris-desktop-scaled.jpg","contentUrl":"https:\/\/studioforgeparis.com\/wp-content\/uploads\/2025\/05\/Studio-Forge-Paris-desktop-scaled.jpg","width":2560,"height":1600},{"@type":"BreadcrumbList","@id":"https:\/\/studioforgeparis.com\/#breadcrumb","itemListElement":[{"@type":"ListItem","position":1,"name":"Accueil","item":"https:\/\/studioforgeparis.com\/"},{"@type":"ListItem","position":2,"name":"Accueil"}]},{"@type":"WebSite","@id":"https:\/\/studioforgeparis.com\/#website","url":"https:\/\/studioforgeparis.com\/","name":"Studio Forg\u00e9 Paris","description":"Coming soon","publisher":{"@id":"https:\/\/studioforgeparis.com\/#organization"},"potentialAction":[{"@type":"SearchAction","target":{"@type":"EntryPoint","urlTemplate":"https:\/\/studioforgeparis.com\/?s={search_term_string}"},"query-input":{"@type":"PropertyValueSpecification","valueRequired":true,"valueName":"search_term_string"}}],"inLanguage":"fr-FR"},{"@type":"Organization","@id":"https:\/\/studioforgeparis.com\/#organization","name":"Studio Forg\u00e9 Paris","url":"https:\/\/studioforgeparis.com\/","logo":{"@type":"ImageObject","inLanguage":"fr-FR","@id":"https:\/\/studioforgeparis.com\/#\/schema\/logo\/image\/","url":"http:\/\/studioforgeparis.com\/wp-content\/uploads\/2025\/05\/Logo-Studio-Forge-Paris.svg","contentUrl":"http:\/\/studioforgeparis.com\/wp-content\/uploads\/2025\/05\/Logo-Studio-Forge-Paris.svg","width":88,"height":189,"caption":"Studio Forg\u00e9 Paris"},"image":{"@id":"https:\/\/studioforgeparis.com\/#\/schema\/logo\/image\/"},"sameAs":["https:\/\/www.instagram.com\/studioforgeparis\/","https:\/\/www.linkedin.com\/company\/studio-forge-paris\/"]}]}},"_links":{"self":[{"href":"https:\/\/studioforgeparis.com\/index.php\/wp-json\/wp\/v2\/pages\/13","targetHints":{"allow":["GET"]}}],"collection":[{"href":"https:\/\/studioforgeparis.com\/index.php\/wp-json\/wp\/v2\/pages"}],"about":[{"href":"https:\/\/studioforgeparis.com\/index.php\/wp-json\/wp\/v2\/types\/page"}],"author":[{"embeddable":true,"href":"https:\/\/studioforgeparis.com\/index.php\/wp-json\/wp\/v2\/users\/1"}],"replies":[{"embeddable":true,"href":"https:\/\/studioforgeparis.com\/index.php\/wp-json\/wp\/v2\/comments?post=13"}],"version-history":[{"count":253,"href":"https:\/\/studioforgeparis.com\/index.php\/wp-json\/wp\/v2\/pages\/13\/revisions"}],"predecessor-version":[{"id":291,"href":"https:\/\/studioforgeparis.com\/index.php\/wp-json\/wp\/v2\/pages\/13\/revisions\/291"}],"wp:featuredmedia":[{"embeddable":true,"href":"https:\/\/studioforgeparis.com\/index.php\/wp-json\/wp\/v2\/media\/11"}],"wp:attachment":[{"href":"https:\/\/studioforgeparis.com\/index.php\/wp-json\/wp\/v2\/media?parent=13"}],"curies":[{"name":"wp","href":"https:\/\/api.w.org\/{rel}","templated":true}]}}